{"id":27926,"date":"2025-05-04T23:41:16","date_gmt":"2025-05-04T23:41:16","guid":{"rendered":"https:\/\/docnutry.com\/preguntas-frecuentes\/"},"modified":"2026-03-20T13:59:11","modified_gmt":"2026-03-20T13:59:11","slug":"preguntas-frecuentes","status":"publish","type":"page","link":"https:\/\/docnutry.com\/es\/preguntas-frecuentes\/","title":{"rendered":"Preguntas frecuentes"},"content":{"rendered":"\n<h2 class=\"wp-block-heading\">\u00bfTengo que registrarme en el sitio para hacer una compra?<\/h2>\n\n<p>S\u00ed, para hacer un pedido tienes que crear una cuenta de cliente en nuestro sitio web. Despu\u00e9s de registrarte, s\u00f3lo tienes que a\u00f1adir los productos que deseas comprar a tu cesta de la compra y seguir todos los pasos para finalizar la compra con \u00e9xito. Recibir\u00e1s un correo electr\u00f3nico de confirmaci\u00f3n en cuanto finalices el pedido.  <\/p>\n\n<h2 class=\"wp-block-heading\">\u00bfC\u00f3mo puedo hacer una pregunta?<\/h2>\n\n<p>Para cualquier informaci\u00f3n\/pregunta adicional, puedes ponerte en contacto con el Servicio de Atenci\u00f3n al Cliente por correo electr\u00f3nico en <strong>info@docnutry.com<\/strong> o por tel\u00e9fono en el <strong>+351 936 958 668<\/strong>. El servicio telef\u00f3nico est\u00e1 disponible de lunes a viernes, de 9.00 a 18.00 horas. <\/p>\n\n<h2 class=\"wp-block-heading\">\u00bfC\u00f3mo compruebo el estado de mi paquete?<\/h2>\n\n<p>Puedes comprobar el estado de tu pedido en tu cuenta de cliente. Haz clic en \u00abHistorial y detalles del pedido\u00bb. <\/p>\n\n<h2 class=\"wp-block-heading\">\u00bfD\u00f3nde puedo acceder al seguimiento de mi paquete?<\/h2>\n\n<p>Puedes comprobar el seguimiento de tu pedido en el correo electr\u00f3nico que recibiste en cuanto se envi\u00f3 el pedido, o en tu cuenta de cliente. Haz clic en \u00abHistorial y detalles del pedido\u00bb y, a continuaci\u00f3n, selecciona el pedido cuyo seguimiento deseas realizar. El seguimiento estar\u00e1 en la parte inferior de la p\u00e1gina.  <\/p>\n\n<h2 class=\"wp-block-heading\">\u00bfQu\u00e9 formas de pago hay disponibles?<\/h2>\n\n<p>Las formas de pago disponibles son<\/p>\n\n<ul class=\"wp-block-list\">\n<li>Transferencia bancaria.<\/li>\n\n\n\n<li>Tarjeta de cr\u00e9dito.<\/li>\n\n\n\n<li>Referencia ATM.<\/li>\n\n\n\n<li>Camino MB.<\/li>\n<\/ul>\n\n<h2 class=\"wp-block-heading\">\u00bfCu\u00e1les son los plazos medios de preparaci\u00f3n y entrega?<\/h2>\n\n<p>Nuestro tiempo de preparaci\u00f3n es de entre 3 y 5 d\u00edas laborables. Tras el env\u00edo, los plazos medios de entrega son: <\/p>\n\n<ul class=\"wp-block-list\">\n<li>Portugal continental: entre 1 y 5 d\u00edas laborables.<\/li>\n\n\n\n<li>Madeira y archipi\u00e9lago de las Azores: entre 5 y 10 d\u00edas laborables.<\/li>\n\n\n\n<li>Uni\u00f3n Europea (excepto Portugal): entre 5 y 10 d\u00edas laborables.<\/li>\n\n\n\n<li>Resto del mundo: aproximadamente 12 d\u00edas laborables (no incluye el tiempo necesario para los tr\u00e1mites aduaneros y\/u otros procedimientos log\u00edsticos en los pa\u00edses de destino).<\/li>\n<\/ul>\n\n<h2 class=\"wp-block-heading\">\u00bfPuedo anular mi pedido?<\/h2>\n\n<p>Puedes cancelar tu pedido mientras no haya sido enviado. Tienes que enviar un correo electr\u00f3nico a Atenci\u00f3n al Cliente: info@docnutry.com. <\/p>\n\n<h2 class=\"wp-block-heading\">\u00bfPuedo devolver mi paquete?<\/h2>\n\n<p>Las devoluciones s\u00f3lo ser\u00e1n posibles si tu art\u00edculo no contiene medicamentos, productos sanitarios, complementos alimenticios, productos alimenticios, equipos y art\u00edculos de uso personal, productos de higiene y dermocosm\u00e9ticos. El plazo de devoluci\u00f3n es de 14 d\u00edas naturales a partir de la fecha de recepci\u00f3n del pedido. Para realizar una devoluci\u00f3n, visita la p\u00e1gina Servicio posventa.  <\/p>\n\n<h2 class=\"wp-block-heading\">\u00bfCu\u00e1les son los plazos medios de amortizaci\u00f3n?<\/h2>\n\n<p>Los reembolsos se realizan hasta 14 d\u00edas despu\u00e9s de la fecha del aviso de devoluci\u00f3n\/anulaci\u00f3n. En caso de devoluci\u00f3n, el reembolso s\u00f3lo se efectuar\u00e1 una vez recibida y comprobada la mercanc\u00eda devuelta. Los gastos de devoluci\u00f3n corren a cargo del cliente.  <\/p>\n\n<h2 class=\"wp-block-heading\">\u00bfC\u00f3mo puedo eliminar mi cuenta?<\/h2>\n\n<p>Para eliminar tus datos de nuestra base de datos, env\u00eda un correo electr\u00f3nico a Atenci\u00f3n al Cliente: online@farmacianovadamaia.pt.<\/p>\n\n<h2 class=\"wp-block-heading\">Tengo problemas con mi paquete, \u00bfqu\u00e9 puedo hacer?<\/h2>\n\n<p>En caso de problema con tu pedido, debes ponerte en contacto con el Servicio de Atenci\u00f3n al Cliente: online@farmacianovadamaia.pt. Aseg\u00farate de a\u00f1adir toda la informaci\u00f3n (referencia del pedido, im\u00e1genes, explicaci\u00f3n del problema) en un solo correo electr\u00f3nico, para agilizar el proceso de ayuda de nuestro equipo y evitar m\u00faltiples intercambios de correos electr\u00f3nicos. <\/p>\n\n<h2 class=\"wp-block-heading\">\u00bfPuedo hacer un pedido por Internet y recogerlo en la tienda f\u00edsica?<\/h2>\n\n<p>S\u00ed, todos los pedidos realizados en el sitio web pueden recogerse en nuestras instalaciones. Debes seleccionar esta opci\u00f3n al finalizar tu pedido. En cuanto el pedido est\u00e9 disponible para su recogida, recibir\u00e1s un correo electr\u00f3nico de confirmaci\u00f3n.  <\/p>\n\n<h2 class=\"wp-block-heading\">\u00bfC\u00f3mo puedo estar seguro de que la compra se ha realizado correctamente?<\/h2>\n\n<p>Cuando se complete tu compra, recibir\u00e1s un correo electr\u00f3nico con la confirmaci\u00f3n y la referencia del pedido. Si no recibes confirmaci\u00f3n de tu compra (comprueba primero tu bandeja de SPAM), ponte en contacto con Atenci\u00f3n al Cliente: online@farmacianovadamaia.pt. <\/p>\n\n<p><\/p>\n\n<p><\/p>\n\n<p><\/p>\n","protected":false},"excerpt":{"rendered":"<p>\u00bfTengo que registrarme en el sitio para hacer una compra? S\u00ed, para hacer un pedido tienes que crear una cuenta<\/p>\n","protected":false},"author":1,"featured_media":0,"parent":0,"menu_order":0,"comment_status":"closed","ping_status":"closed","template":"","meta":{"footnotes":""},"class_list":["post-27926","page","type-page","status-publish","hentry"],"yoast_head":"<!-- This site is optimized with the Yoast SEO plugin v27.4 - https:\/\/yoast.com\/product\/yoast-seo-wordpress\/ -->\n<title>Preguntas frecuentes - DocNutry - Produtos Naturais<\/title>\n<meta name=\"description\" content=\"Compre aqui o seu Preguntas frecuentes e a DocNutry - Produtos Naturais a sua Loja Online entrega em 24 a 48 H com Portes Gratis &gt;40\u20ac de Pedido.\" \/>\n<meta name=\"robots\" content=\"index, follow, max-snippet:-1, max-image-preview:large, max-video-preview:-1\" \/>\n<link rel=\"canonical\" href=\"https:\/\/docnutry.com\/es\/preguntas-frecuentes\/\" \/>\n<meta property=\"og:locale\" content=\"es_ES\" \/>\n<meta property=\"og:type\" content=\"article\" \/>\n<meta property=\"og:title\" content=\"Preguntas frecuentes - DocNutry - Produtos Naturais\" \/>\n<meta property=\"og:description\" content=\"Compre aqui o seu Preguntas frecuentes e a DocNutry - Produtos Naturais a sua Loja Online entrega em 24 a 48 H com Portes Gratis &gt;40\u20ac de Pedido.\" \/>\n<meta property=\"og:url\" content=\"https:\/\/docnutry.com\/es\/preguntas-frecuentes\/\" \/>\n<meta property=\"og:site_name\" content=\"DocNutry - Produtos Naturais\" \/>\n<meta property=\"article:modified_time\" content=\"2026-03-20T13:59:11+00:00\" \/>\n<meta name=\"twitter:card\" content=\"summary_large_image\" \/>\n<meta name=\"twitter:label1\" content=\"Tiempo de lectura\" \/>\n\t<meta name=\"twitter:data1\" content=\"3 minutos\" \/>\n<script type=\"application\/ld+json\" class=\"yoast-schema-graph\">{\"@context\":\"https:\\\/\\\/schema.org\",\"@graph\":[{\"@type\":\"WebPage\",\"@id\":\"https:\\\/\\\/docnutry.com\\\/es\\\/preguntas-frecuentes\\\/\",\"url\":\"https:\\\/\\\/docnutry.com\\\/es\\\/preguntas-frecuentes\\\/\",\"name\":\"Preguntas frecuentes - DocNutry - Produtos Naturais\",\"isPartOf\":{\"@id\":\"https:\\\/\\\/docnutry.com\\\/es\\\/#website\"},\"datePublished\":\"2025-05-04T23:41:16+00:00\",\"dateModified\":\"2026-03-20T13:59:11+00:00\",\"description\":\"Compre aqui o seu Preguntas frecuentes e a DocNutry - Produtos Naturais a sua Loja Online entrega em 24 a 48 H com Portes Gratis >40\u20ac de Pedido.\",\"breadcrumb\":{\"@id\":\"https:\\\/\\\/docnutry.com\\\/es\\\/preguntas-frecuentes\\\/#breadcrumb\"},\"inLanguage\":\"es\",\"potentialAction\":[{\"@type\":\"ReadAction\",\"target\":[\"https:\\\/\\\/docnutry.com\\\/es\\\/preguntas-frecuentes\\\/\"]}]},{\"@type\":\"BreadcrumbList\",\"@id\":\"https:\\\/\\\/docnutry.com\\\/es\\\/preguntas-frecuentes\\\/#breadcrumb\",\"itemListElement\":[{\"@type\":\"ListItem\",\"position\":1,\"name\":\"In\u00edcio\",\"item\":\"https:\\\/\\\/docnutry.com\\\/es\\\/inicio\\\/\"},{\"@type\":\"ListItem\",\"position\":2,\"name\":\"Preguntas frecuentes\"}]},{\"@type\":\"WebSite\",\"@id\":\"https:\\\/\\\/docnutry.com\\\/es\\\/#website\",\"url\":\"https:\\\/\\\/docnutry.com\\\/es\\\/\",\"name\":\"DocNutry - Produtos Naturais\",\"description\":\"\",\"potentialAction\":[{\"@type\":\"SearchAction\",\"target\":{\"@type\":\"EntryPoint\",\"urlTemplate\":\"https:\\\/\\\/docnutry.com\\\/es\\\/?s={search_term_string}\"},\"query-input\":{\"@type\":\"PropertyValueSpecification\",\"valueRequired\":true,\"valueName\":\"search_term_string\"}}],\"inLanguage\":\"es\"}]}<\/script>\n<!-- \/ Yoast SEO plugin. -->","yoast_head_json":{"title":"Preguntas frecuentes - DocNutry - Produtos Naturais","description":"Compre aqui o seu Preguntas frecuentes e a DocNutry - Produtos Naturais a sua Loja Online entrega em 24 a 48 H com Portes Gratis >40\u20ac de Pedido.","robots":{"index":"index","follow":"follow","max-snippet":"max-snippet:-1","max-image-preview":"max-image-preview:large","max-video-preview":"max-video-preview:-1"},"canonical":"https:\/\/docnutry.com\/es\/preguntas-frecuentes\/","og_locale":"es_ES","og_type":"article","og_title":"Preguntas frecuentes - DocNutry - Produtos Naturais","og_description":"Compre aqui o seu Preguntas frecuentes e a DocNutry - Produtos Naturais a sua Loja Online entrega em 24 a 48 H com Portes Gratis >40\u20ac de Pedido.","og_url":"https:\/\/docnutry.com\/es\/preguntas-frecuentes\/","og_site_name":"DocNutry - Produtos Naturais","article_modified_time":"2026-03-20T13:59:11+00:00","twitter_card":"summary_large_image","twitter_misc":{"Tiempo de lectura":"3 minutos"},"schema":{"@context":"https:\/\/schema.org","@graph":[{"@type":"WebPage","@id":"https:\/\/docnutry.com\/es\/preguntas-frecuentes\/","url":"https:\/\/docnutry.com\/es\/preguntas-frecuentes\/","name":"Preguntas frecuentes - DocNutry - Produtos Naturais","isPartOf":{"@id":"https:\/\/docnutry.com\/es\/#website"},"datePublished":"2025-05-04T23:41:16+00:00","dateModified":"2026-03-20T13:59:11+00:00","description":"Compre aqui o seu Preguntas frecuentes e a DocNutry - Produtos Naturais a sua Loja Online entrega em 24 a 48 H com Portes Gratis >40\u20ac de Pedido.","breadcrumb":{"@id":"https:\/\/docnutry.com\/es\/preguntas-frecuentes\/#breadcrumb"},"inLanguage":"es","potentialAction":[{"@type":"ReadAction","target":["https:\/\/docnutry.com\/es\/preguntas-frecuentes\/"]}]},{"@type":"BreadcrumbList","@id":"https:\/\/docnutry.com\/es\/preguntas-frecuentes\/#breadcrumb","itemListElement":[{"@type":"ListItem","position":1,"name":"In\u00edcio","item":"https:\/\/docnutry.com\/es\/inicio\/"},{"@type":"ListItem","position":2,"name":"Preguntas frecuentes"}]},{"@type":"WebSite","@id":"https:\/\/docnutry.com\/es\/#website","url":"https:\/\/docnutry.com\/es\/","name":"DocNutry - Produtos Naturais","description":"","potentialAction":[{"@type":"SearchAction","target":{"@type":"EntryPoint","urlTemplate":"https:\/\/docnutry.com\/es\/?s={search_term_string}"},"query-input":{"@type":"PropertyValueSpecification","valueRequired":true,"valueName":"search_term_string"}}],"inLanguage":"es"}]}},"_links":{"self":[{"href":"https:\/\/docnutry.com\/es\/wp-json\/wp\/v2\/pages\/27926","targetHints":{"allow":["GET"]}}],"collection":[{"href":"https:\/\/docnutry.com\/es\/wp-json\/wp\/v2\/pages"}],"about":[{"href":"https:\/\/docnutry.com\/es\/wp-json\/wp\/v2\/types\/page"}],"author":[{"embeddable":true,"href":"https:\/\/docnutry.com\/es\/wp-json\/wp\/v2\/users\/1"}],"replies":[{"embeddable":true,"href":"https:\/\/docnutry.com\/es\/wp-json\/wp\/v2\/comments?post=27926"}],"version-history":[{"count":3,"href":"https:\/\/docnutry.com\/es\/wp-json\/wp\/v2\/pages\/27926\/revisions"}],"predecessor-version":[{"id":27931,"href":"https:\/\/docnutry.com\/es\/wp-json\/wp\/v2\/pages\/27926\/revisions\/27931"}],"wp:attachment":[{"href":"https:\/\/docnutry.com\/es\/wp-json\/wp\/v2\/media?parent=27926"}],"curies":[{"name":"wp","href":"https:\/\/api.w.org\/{rel}","templated":true}]}}