{"id":27920,"date":"2025-05-04T23:40:29","date_gmt":"2025-05-04T23:40:29","guid":{"rendered":"https:\/\/docnutry.com\/politica-de-privacidad\/"},"modified":"2026-03-20T13:59:06","modified_gmt":"2026-03-20T13:59:06","slug":"politica-de-privacidad","status":"publish","type":"page","link":"https:\/\/docnutry.com\/es\/politica-de-privacidad\/","title":{"rendered":"Pol\u00edtica de privacidad"},"content":{"rendered":"\n<p>Enigma Eximio Lda, en adelante Docnutry, se compromete a tratar tus datos personales de conformidad con el Reglamento (UE) n\u00ba 2016\/679 de 27 de abril de 2016 (en adelante Reglamento General de Protecci\u00f3n de Datos o RGPD) y dem\u00e1s legislaci\u00f3n vigente en la materia.<\/p>\n\n<p>Docnutry se reserva el derecho a modificar su pol\u00edtica de privacidad, por lo que es aconsejable que leas este documento con regularidad.<\/p>\n\n<p>Lee el siguiente texto para comprender y conocer las normas generales de privacidad y c\u00f3mo se tratar\u00e1n los datos personales que proporciones a Docnutry.<\/p>\n\n<p>Esta pol\u00edtica identifica qui\u00e9nes somos, con qu\u00e9 finalidad pretendemos utilizar tus datos, c\u00f3mo los tratamos, con qui\u00e9n los compartimos, cu\u00e1nto tiempo los conservamos, as\u00ed como los datos de contacto de que dispones para que puedas ejercer tus derechos,  <\/p>\n\n<p><strong>Controlador de datos<\/strong><\/p>\n\n<p>Enigma Eximio Lda. es responsable del tratamiento de los datos personales recogidos durante el uso y\/o registro en este sitio web, en el sentido del GDPR. <\/p>\n\n<p>Los datos de contacto de Docnutry son los siguientes:<\/p>\n\n<p>(Docnutry) Enigma Eximio Lda<br\/>Rua Direita N\u00ba 17 &#8211; Reguengo 2070-505 Valada<br\/>NIF 518738620<br\/>Correo electr\u00f3nico: info@docnutry.com<br\/>Tel\u00e9fono: 936958668<\/p>\n\n<p><strong>Informaci\u00f3n recogida<\/strong><\/p>\n\n<p>Para ser cliente de la tienda online de Docnutry, debes registrarte rellenando el formulario disponible en el sitio web www.Docnutry.com.<\/p>\n\n<p>Los datos personales se recogen cuando el cliente se registra o realiza una compra. Se recogen los siguientes datos: nombre, sexo, direcci\u00f3n de facturaci\u00f3n, direcci\u00f3n de entrega, fecha de nacimiento, n\u00famero de identificaci\u00f3n fiscal, n\u00famero de tel\u00e9fono, direcci\u00f3n de correo electr\u00f3nico, producto solicitado y prescripci\u00f3n m\u00e9dica cuando proceda. Si el medio de pago es la transferencia bancaria, se recopilar\u00e1n los siguientes datos: IBAN y nombre del titular de la cuenta bancaria. Tambi\u00e9n se pueden recoger datos de identificaci\u00f3n electr\u00f3nica, que pueden incluir la direcci\u00f3n IP; cookies o tecnolog\u00edas similares; registros de actividad.   <\/p>\n\n<p>Proporcionar los datos solicitados al registrarse en el sitio web de Docnutry es obligatorio para que el cliente pueda utilizar\/comprar los servicios y productos disponibles.<\/p>\n\n<p>El cliente podr\u00e1 actualizar la informaci\u00f3n que haya facilitado, siempre que lo desee y con total autonom\u00eda, en el \u00e1rea \u00abMi cuenta\u00bb tras iniciar sesi\u00f3n, introduciendo su nombre de usuario y contrase\u00f1a.<\/p>\n\n<p>Para que puedas suscribirte al Blog de Docnutry, se recogen los siguientes datos: nombre y direcci\u00f3n de correo electr\u00f3nico.<\/p>\n\n<p><strong>Uso y fines del tratamiento de los datos del interesado<\/strong><\/p>\n\n<p>Con car\u00e1cter general, Docnutry utiliza los datos del interesado para diversas finalidades, cumplimiento de obligaciones derivadas de la ley, gesti\u00f3n de la relaci\u00f3n comercial, suministro de los productos adquiridos, prestaci\u00f3n de los servicios contratados, adecuaci\u00f3n de los servicios y productos a las necesidades e intereses del cliente, acciones de comunicaci\u00f3n e informaci\u00f3n, publicitar campa\u00f1as, promociones, publicidad y noticias sobre los productos y\/o servicios, marketing.<\/p>\n\n<p><strong>Cu\u00e1nto tiempo se conservan los datos del interesado<\/strong><\/p>\n\n<p>El tiempo durante el que se almacenan y conservan los datos var\u00eda en funci\u00f3n de la finalidad para la que se procesa la informaci\u00f3n. Sin embargo, existen requisitos legales que obligan a conservar los datos durante un periodo m\u00ednimo de tiempo. Por lo tanto, siempre que no exista un requisito legal espec\u00edfico, los datos s\u00f3lo se almacenar\u00e1n y conservar\u00e1n durante el periodo m\u00ednimo necesario para los fines para los que se recopilaron o procesaron posteriormente, tras lo cual se eliminar\u00e1n.  <\/p>\n\n<p>As\u00ed,<\/p>\n\n<p>&#8211; Los datos personales como nombre, direcci\u00f3n, datos de contacto, direcci\u00f3n de correo electr\u00f3nico, &#8230; se conservar\u00e1n durante un periodo de 2 a\u00f1os a partir del \u00faltimo contacto. Los interesados podr\u00e1n exigir la destrucci\u00f3n o supresi\u00f3n de sus datos antes de que transcurra dicho plazo, lo que se cumplir\u00e1 siempre que no existan requisitos legales que lo impidan. Excepcionalmente, este plazo podr\u00e1 ampliarse por imperativo legal.  <\/p>\n\n<p>&#8211; Los datos relativos al historial de compras se conservan durante 2 a\u00f1os a partir de la fecha de compra. Los interesados pueden exigir que sus datos sean destruidos o borrados antes de que transcurra este plazo, y se cumplir\u00e1 siempre que no existan requisitos legales que lo impidan. Excepcionalmente, este plazo podr\u00e1 ampliarse por imperativo legal.  <\/p>\n\n<p>&#8211; Datos para el env\u00edo de comunicaciones (por ejemplo, marketing, blog, newsletter, etc.), no es posible conocer de antemano el tiempo de conservaci\u00f3n. Estos datos se conservar\u00e1n mientras los usuarios lo permitan y se mantenga la relaci\u00f3n entre ellos y Docnutry. <\/p>\n\n<p><strong>Subcontratistas<\/strong><\/p>\n\n<p>En el \u00e1mbito del tratamiento de los datos del interesado, Docnutry utiliza o puede utilizar a terceros, subcontratados por Docnutry, para tratar los datos del interesado por cuenta de Docnutry y de conformidad con las instrucciones dadas por Docnutry, en estricto cumplimiento de lo dispuesto en la ley y en la presente Pol\u00edtica de Privacidad.<\/p>\n\n<p>Docnutry se compromete a subcontratar \u00fanicamente a aquellas entidades que ofrezcan garant\u00edas suficientes de que se aplican las medidas t\u00e9cnicas y organizativas adecuadas para garantizar el respeto de los derechos del interesado. Todas las entidades subcontratadas por Docnutry se vinculan a \u00e9sta mediante un contrato escrito que regula, en particular, el objeto y la duraci\u00f3n del tratamiento, la naturaleza y la finalidad del tratamiento, el tipo de datos personales, las categor\u00edas de interesados y los derechos y obligaciones de las partes. <\/p>\n\n<p>Como parte del funcionamiento normal de Docnutry, los datos recogidos por Docnutry pueden ser compartidos con las siguientes organizaciones:<\/p>\n\n<p>&#8211; Transportistas responsables de la entrega de paquetes<\/p>\n\n<p>&#8211; Entidades responsables del servicio de procesamiento de pagos seleccionado por el cliente<\/p>\n\n<p>&#8211; Entidad responsable de la Comunicaci\u00f3n y el Marketing de Docnutry<\/p>\n\n<p>&#8211; Proveedores de servicios web o proveedores de servicios de soporte inform\u00e1tico<\/p>\n\n<p>&#8211; Como parte de la prestaci\u00f3n de servicios publicitarios, podemos compartir algunos datos personales limitados (por ejemplo, identificadores de dispositivos, identificadores de cookies) con intercambios de anuncios o agencias que gestionan la publicidad en sitios web y aplicaciones de terceros en los que puedes ver publicidad.<\/p>\n\n<p>&#8211; En el caso de que el interesado contrate con Docnutry servicios prestados por otras entidades encargadas del tratamiento de datos personales, los datos del interesado podr\u00e1n ser consultados o consultados por dichas entidades, en la medida en que sea necesario para la prestaci\u00f3n de dichos servicios.<\/p>\n\n<p>&#8211; En los t\u00e9rminos legales aplicables, Docnutry podr\u00e1 transmitir o comunicar los datos del interesado a otras entidades en el caso de que dicha transmisi\u00f3n o comunicaci\u00f3n sea necesaria para la ejecuci\u00f3n del contrato establecido entre el interesado y Docnutry, o para la realizaci\u00f3n de tr\u00e1mites precontractuales a petici\u00f3n del interesado, en el caso de que sea necesaria para el cumplimiento de una obligaci\u00f3n legal a la que Docnutry est\u00e9 sujeta o en el caso de que sea necesaria para la consecuci\u00f3n de los intereses leg\u00edtimos de Docnutry o de un tercero.<\/p>\n\n<p>Si los datos del interesado se transfieren a un tercero, se har\u00e1n esfuerzos razonables para garantizar que el cesionario utilice los datos transmitidos de forma coherente con esta Pol\u00edtica de privacidad.<\/p>\n\n<p><strong>Transferencia de datos fuera de la Uni\u00f3n Europea<\/strong><\/p>\n\n<p>Los datos personales recogidos y utilizados por <strong>Docnutry<\/strong> pueden ponerse a disposici\u00f3n de terceros establecidos fuera de la Uni\u00f3n Europea. Si se produce dicha transferencia, Docnutry se compromete a garantizar que la transferencia cumple las disposiciones legales aplicables, en particular en lo que respecta a la determinaci\u00f3n de la idoneidad de dicho pa\u00eds en materia de protecci\u00f3n de datos y los requisitos aplicables a dichas transferencias. <\/p>\n\n<p><strong>Derechos de los interesados  <\/strong><\/p>\n\n<p>Los derechos de los interesados son los siguientes:<\/p>\n\n<p>&#8211; Derecho a la informaci\u00f3n<\/p>\n\n<p>&#8211; Derecho de acceso a los datos personales<\/p>\n\n<p>&#8211; Derecho al borrado o derecho \u00abal olvido\u00bb<\/p>\n\n<p>&#8211; Derecho de rectificaci\u00f3n de tus datos personales<\/p>\n\n<p>&#8211; Derecho a la limitaci\u00f3n del tratamiento de tus datos personales<\/p>\n\n<p>&#8211; Derecho a la portabilidad<\/p>\n\n<p>&#8211; Derecho de oposici\u00f3n al tratamiento<\/p>\n\n<p><strong>Procedimientos para el ejercicio de los derechos por parte del titular<\/strong><\/p>\n\n<p>El derecho de acceso, el derecho de rectificaci\u00f3n, el derecho de supresi\u00f3n, el derecho de limitaci\u00f3n, el derecho de portabilidad y el derecho de oposici\u00f3n pueden ser ejercidos por el interesado dirigi\u00e9ndose al Responsable del Tratamiento, rellenando el formulario correspondiente que se le facilitar\u00e1.<\/p>\n\n<p>Docnutry responder\u00e1 por escrito (incluso por medios electr\u00f3nicos) a la solicitud del titular en el plazo m\u00e1ximo de un mes desde la recepci\u00f3n de la solicitud, salvo en casos de especial complejidad, en los que este plazo podr\u00e1 ampliarse hasta dos meses.<\/p>\n\n<p>Si las solicitudes presentadas por el propietario son manifiestamente infundadas o excesivas, en particular debido a su car\u00e1cter repetitivo, Docnutry se reserva el derecho de cobrar gastos administrativos o negarse a atender la solicitud.<\/p>\n\n<p><strong>Cookies<\/strong><\/p>\n\n<p>Para ofrecer un mejor servicio al usuario, utilizamos cookies, es decir, peque\u00f1os archivos de texto que un servidor de p\u00e1ginas web coloca en el disco duro. Esta tecnolog\u00eda se utiliza para   <\/p>\n\n<p>&#8211; Mejorar el rendimiento y la experiencia de navegaci\u00f3n de sus usuarios, por un lado aumentando la rapidez y eficacia de respuesta y, por otro, eliminando la necesidad de introducir repetidamente la misma informaci\u00f3n;<\/p>\n\n<p>&#8211; La colocaci\u00f3n de cookies no s\u00f3lo ayuda a los sitios web a reconocer el dispositivo del usuario la pr\u00f3xima vez que los visite, sino que tambi\u00e9n es esencial para su funcionamiento. Las cookies utilizadas en el sitio web no recogen informaci\u00f3n personal que permita identificar al usuario, sino que s\u00f3lo almacenan informaci\u00f3n gen\u00e9rica, como la forma o el lugar en que el usuario accede al sitio web y c\u00f3mo lo utiliza, entre otras cosas. El usuario siempre puede configurar su navegador para rechazar las cookies, sin embargo, en este caso, es posible que el sitio web o partes de \u00e9l no funcionen como se espera;  <\/p>\n\n<p>&#8211; Te permite guardar tu historial de compras, lista de intereses y productos en la cesta de la compra.<\/p>\n\n<p><strong>Violaci\u00f3n de datos personales<\/strong><\/p>\n\n<p>En caso de violaci\u00f3n de los datos y en la medida en que dicha violaci\u00f3n pueda entra\u00f1ar un alto riesgo para los derechos y libertades del interesado, Docnutry se compromete a comunicar la violaci\u00f3n de los datos personales al CNPD en el plazo de 72 horas desde que tenga conocimiento del incidente.<\/p>\n\n<p>Desde el punto de vista legal, la comunicaci\u00f3n al propietario no es necesaria en los siguientes casos:<\/p>\n\n<p>&#8211; Si Docnutry ha aplicado medidas de protecci\u00f3n adecuadas, tanto t\u00e9cnicas como organizativas, y dichas medidas se han aplicado a los datos personales afectados por la violaci\u00f3n de datos personales, en particular medidas que hagan que los datos personales sean ininteligibles para cualquier persona no autorizada a acceder a dichos datos, como el cifrado;<\/p>\n\n<p>&#8211; Si Docnutry ha adoptado medidas posteriores para garantizar que ya no es probable que se materialice el alto riesgo para los derechos y libertades del titular; o bien<\/p>\n\n<p>&#8211; En el caso de que la comunicaci\u00f3n al propietario suponga un esfuerzo desproporcionado para Docnutry. En este caso, Docnutry realizar\u00e1 un anuncio p\u00fablico o adoptar\u00e1 una medida similar a trav\u00e9s de la cual se informar\u00e1 al propietario. <\/p>\n\n<p><strong>Enlaces<\/strong><\/p>\n\n<p>Nuestro sitio puede contener enlaces a sitios web de terceros. Docnutry no es responsable de las pr\u00e1cticas de privacidad de dichos sitios web. Por lo tanto, te recomendamos que leas sus declaraciones de privacidad. Docnutry no se hace responsable del contenido ni de las actividades de dichos sitios web.   <\/p>\n\n<p><strong>Legislaci\u00f3n y jurisdicci\u00f3n aplicables<\/strong><\/p>\n\n<p>La Pol\u00edtica de Privacidad, as\u00ed como la recogida, tratamiento o transmisi\u00f3n de los Datos del Titular, se rigen por las disposiciones del Reglamento (UE) 2016\/679 del Parlamento Europeo y del Consejo, de 27 de abril de 2016, y por la legislaci\u00f3n y reglamentaci\u00f3n aplicables en Portugal.<\/p>\n","protected":false},"excerpt":{"rendered":"<p>Enigma Eximio Lda, en adelante Docnutry, se compromete a tratar tus datos personales de conformidad con el Reglamento (UE) n\u00ba<\/p>\n","protected":false},"author":1,"featured_media":0,"parent":0,"menu_order":0,"comment_status":"closed","ping_status":"closed","template":"","meta":{"footnotes":""},"class_list":["post-27920","page","type-page","status-publish","hentry"],"yoast_head":"<!-- This site is optimized with the Yoast SEO plugin v27.4 - https:\/\/yoast.com\/product\/yoast-seo-wordpress\/ -->\n<title>Pol\u00edtica de privacidad - DocNutry - Produtos Naturais<\/title>\n<meta name=\"description\" content=\"Compre aqui o seu Pol\u00edtica de privacidad e a DocNutry - Produtos Naturais a sua Loja Online entrega em 24 a 48 H com Portes Gratis &gt;40\u20ac de Pedido.\" \/>\n<meta name=\"robots\" content=\"index, follow, max-snippet:-1, max-image-preview:large, max-video-preview:-1\" \/>\n<link rel=\"canonical\" href=\"https:\/\/docnutry.com\/es\/politica-de-privacidad\/\" \/>\n<meta property=\"og:locale\" content=\"es_ES\" \/>\n<meta property=\"og:type\" content=\"article\" \/>\n<meta property=\"og:title\" content=\"Pol\u00edtica de privacidad - DocNutry - Produtos Naturais\" \/>\n<meta property=\"og:description\" content=\"Compre aqui o seu Pol\u00edtica de privacidad e a DocNutry - Produtos Naturais a sua Loja Online entrega em 24 a 48 H com Portes Gratis &gt;40\u20ac de Pedido.\" \/>\n<meta property=\"og:url\" content=\"https:\/\/docnutry.com\/es\/politica-de-privacidad\/\" \/>\n<meta property=\"og:site_name\" content=\"DocNutry - Produtos Naturais\" \/>\n<meta property=\"article:modified_time\" content=\"2026-03-20T13:59:06+00:00\" \/>\n<meta name=\"twitter:card\" content=\"summary_large_image\" \/>\n<meta name=\"twitter:label1\" content=\"Tiempo de lectura\" \/>\n\t<meta name=\"twitter:data1\" content=\"10 minutos\" \/>\n<script type=\"application\/ld+json\" class=\"yoast-schema-graph\">{\"@context\":\"https:\\\/\\\/schema.org\",\"@graph\":[{\"@type\":\"WebPage\",\"@id\":\"https:\\\/\\\/docnutry.com\\\/es\\\/politica-de-privacidad\\\/\",\"url\":\"https:\\\/\\\/docnutry.com\\\/es\\\/politica-de-privacidad\\\/\",\"name\":\"Pol\u00edtica de privacidad - DocNutry - Produtos Naturais\",\"isPartOf\":{\"@id\":\"https:\\\/\\\/docnutry.com\\\/es\\\/#website\"},\"datePublished\":\"2025-05-04T23:40:29+00:00\",\"dateModified\":\"2026-03-20T13:59:06+00:00\",\"description\":\"Compre aqui o seu Pol\u00edtica de privacidad e a DocNutry - Produtos Naturais a sua Loja Online entrega em 24 a 48 H com Portes Gratis >40\u20ac de Pedido.\",\"breadcrumb\":{\"@id\":\"https:\\\/\\\/docnutry.com\\\/es\\\/politica-de-privacidad\\\/#breadcrumb\"},\"inLanguage\":\"es\",\"potentialAction\":[{\"@type\":\"ReadAction\",\"target\":[\"https:\\\/\\\/docnutry.com\\\/es\\\/politica-de-privacidad\\\/\"]}]},{\"@type\":\"BreadcrumbList\",\"@id\":\"https:\\\/\\\/docnutry.com\\\/es\\\/politica-de-privacidad\\\/#breadcrumb\",\"itemListElement\":[{\"@type\":\"ListItem\",\"position\":1,\"name\":\"In\u00edcio\",\"item\":\"https:\\\/\\\/docnutry.com\\\/es\\\/inicio\\\/\"},{\"@type\":\"ListItem\",\"position\":2,\"name\":\"Pol\u00edtica de privacidad\"}]},{\"@type\":\"WebSite\",\"@id\":\"https:\\\/\\\/docnutry.com\\\/es\\\/#website\",\"url\":\"https:\\\/\\\/docnutry.com\\\/es\\\/\",\"name\":\"DocNutry - Produtos Naturais\",\"description\":\"\",\"potentialAction\":[{\"@type\":\"SearchAction\",\"target\":{\"@type\":\"EntryPoint\",\"urlTemplate\":\"https:\\\/\\\/docnutry.com\\\/es\\\/?s={search_term_string}\"},\"query-input\":{\"@type\":\"PropertyValueSpecification\",\"valueRequired\":true,\"valueName\":\"search_term_string\"}}],\"inLanguage\":\"es\"}]}<\/script>\n<!-- \/ Yoast SEO plugin. -->","yoast_head_json":{"title":"Pol\u00edtica de privacidad - DocNutry - Produtos Naturais","description":"Compre aqui o seu Pol\u00edtica de privacidad e a DocNutry - Produtos Naturais a sua Loja Online entrega em 24 a 48 H com Portes Gratis >40\u20ac de Pedido.","robots":{"index":"index","follow":"follow","max-snippet":"max-snippet:-1","max-image-preview":"max-image-preview:large","max-video-preview":"max-video-preview:-1"},"canonical":"https:\/\/docnutry.com\/es\/politica-de-privacidad\/","og_locale":"es_ES","og_type":"article","og_title":"Pol\u00edtica de privacidad - DocNutry - Produtos Naturais","og_description":"Compre aqui o seu Pol\u00edtica de privacidad e a DocNutry - Produtos Naturais a sua Loja Online entrega em 24 a 48 H com Portes Gratis >40\u20ac de Pedido.","og_url":"https:\/\/docnutry.com\/es\/politica-de-privacidad\/","og_site_name":"DocNutry - Produtos Naturais","article_modified_time":"2026-03-20T13:59:06+00:00","twitter_card":"summary_large_image","twitter_misc":{"Tiempo de lectura":"10 minutos"},"schema":{"@context":"https:\/\/schema.org","@graph":[{"@type":"WebPage","@id":"https:\/\/docnutry.com\/es\/politica-de-privacidad\/","url":"https:\/\/docnutry.com\/es\/politica-de-privacidad\/","name":"Pol\u00edtica de privacidad - DocNutry - Produtos Naturais","isPartOf":{"@id":"https:\/\/docnutry.com\/es\/#website"},"datePublished":"2025-05-04T23:40:29+00:00","dateModified":"2026-03-20T13:59:06+00:00","description":"Compre aqui o seu Pol\u00edtica de privacidad e a DocNutry - Produtos Naturais a sua Loja Online entrega em 24 a 48 H com Portes Gratis >40\u20ac de Pedido.","breadcrumb":{"@id":"https:\/\/docnutry.com\/es\/politica-de-privacidad\/#breadcrumb"},"inLanguage":"es","potentialAction":[{"@type":"ReadAction","target":["https:\/\/docnutry.com\/es\/politica-de-privacidad\/"]}]},{"@type":"BreadcrumbList","@id":"https:\/\/docnutry.com\/es\/politica-de-privacidad\/#breadcrumb","itemListElement":[{"@type":"ListItem","position":1,"name":"In\u00edcio","item":"https:\/\/docnutry.com\/es\/inicio\/"},{"@type":"ListItem","position":2,"name":"Pol\u00edtica de privacidad"}]},{"@type":"WebSite","@id":"https:\/\/docnutry.com\/es\/#website","url":"https:\/\/docnutry.com\/es\/","name":"DocNutry - Produtos Naturais","description":"","potentialAction":[{"@type":"SearchAction","target":{"@type":"EntryPoint","urlTemplate":"https:\/\/docnutry.com\/es\/?s={search_term_string}"},"query-input":{"@type":"PropertyValueSpecification","valueRequired":true,"valueName":"search_term_string"}}],"inLanguage":"es"}]}},"_links":{"self":[{"href":"https:\/\/docnutry.com\/es\/wp-json\/wp\/v2\/pages\/27920","targetHints":{"allow":["GET"]}}],"collection":[{"href":"https:\/\/docnutry.com\/es\/wp-json\/wp\/v2\/pages"}],"about":[{"href":"https:\/\/docnutry.com\/es\/wp-json\/wp\/v2\/types\/page"}],"author":[{"embeddable":true,"href":"https:\/\/docnutry.com\/es\/wp-json\/wp\/v2\/users\/1"}],"replies":[{"embeddable":true,"href":"https:\/\/docnutry.com\/es\/wp-json\/wp\/v2\/comments?post=27920"}],"version-history":[{"count":1,"href":"https:\/\/docnutry.com\/es\/wp-json\/wp\/v2\/pages\/27920\/revisions"}],"predecessor-version":[{"id":27921,"href":"https:\/\/docnutry.com\/es\/wp-json\/wp\/v2\/pages\/27920\/revisions\/27921"}],"wp:attachment":[{"href":"https:\/\/docnutry.com\/es\/wp-json\/wp\/v2\/media?parent=27920"}],"curies":[{"name":"wp","href":"https:\/\/api.w.org\/{rel}","templated":true}]}}