{"id":27903,"date":"2025-05-04T23:40:39","date_gmt":"2025-05-04T23:40:39","guid":{"rendered":"https:\/\/docnutry.com\/politica-de-cookies\/"},"modified":"2026-03-20T13:59:00","modified_gmt":"2026-03-20T13:59:00","slug":"politica-de-cookies","status":"publish","type":"page","link":"https:\/\/docnutry.com\/es\/politica-de-cookies\/","title":{"rendered":"Pol\u00edtica de cookies"},"content":{"rendered":"\n<p>Nuestro sitio web utiliza \u00abcookies\u00bb para que nuestra oferta para ti sea relevante, interesante y agradable desde el punto de vista del usuario.<\/p>\n\n<p><strong>\u00bfQu\u00e9 son las cookies?<\/strong><\/p>\n\n<p>Las \u00abcookies\u00bb son peque\u00f1as etiquetas de software que se almacenan en los dispositivos de acceso a trav\u00e9s del navegador, conservando \u00fanicamente informaci\u00f3n relacionada con las preferencias, por lo que no incluyen datos personales.<\/p>\n\n<p><strong>\u00bfPara qu\u00e9 sirven las cookies?<\/strong><\/p>\n\n<p>Las cookies se utilizan para ayudar a determinar la utilidad, el inter\u00e9s y el n\u00famero de usos de los sitios web, permitiendo una navegaci\u00f3n m\u00e1s r\u00e1pida y eficaz al eliminar la necesidad de introducir repetidamente la misma informaci\u00f3n.<\/p>\n\n<p><strong>\u00bfQu\u00e9 tipo de galletas hay?<\/strong><\/p>\n\n<p>Hay dos grupos de cookies que se pueden utilizar.<\/p>\n\n<p>Cookies permanentes: son cookies que se almacenan en el navegador de tus dispositivos de acceso (PC, m\u00f3vil y tableta) y se utilizan cada vez que vuelves a visitar uno de nuestros sitios web. Generalmente se utilizan para dirigir la navegaci\u00f3n a los intereses del usuario, lo que nos permite ofrecer un servicio m\u00e1s personalizado. <\/p>\n\n<p>Cookies de sesi\u00f3n: son cookies temporales que permanecen en el archivo de cookies de tu navegador hasta que abandonas el sitio web. La informaci\u00f3n obtenida por estas cookies se utiliza para analizar patrones de tr\u00e1fico en Internet, lo que nos permite identificar problemas y ofrecer una mejor experiencia de navegaci\u00f3n. <\/p>\n\n<p><strong>\u00bfPara qu\u00e9 utilizamos las cookies?<\/strong><\/p>\n\n<p>Cookies estrictamente necesarias &#8211; Te permiten navegar por el sitio web y utilizar las aplicaciones, as\u00ed como acceder a \u00e1reas seguras del sitio web. Sin estas cookies, no se pueden prestar los servicios requeridos. <\/p>\n\n<p>Cookies anal\u00edticas &#8211; Se utilizan de forma an\u00f3nima para crear y analizar estad\u00edsticas con el fin de mejorar el funcionamiento del sitio web.<\/p>\n\n<p>Cookies de funcionalidad &#8211; Almacenan las preferencias del usuario en cuanto al uso del sitio, para que no tengas que volver a configurarlo cada vez que lo visites.<\/p>\n\n<p>Cookies de terceros &#8211; Miden el \u00e9xito de las aplicaciones y la eficacia de la publicidad de terceros. Tambi\u00e9n pueden utilizarse para personalizar un widget con datos del usuario. <\/p>\n\n<p>Cookies publicitarias &#8211; Dirigen la publicidad en funci\u00f3n de los intereses de cada usuario, con el fin de orientar las campa\u00f1as publicitarias seg\u00fan los gustos de los usuarios, y tambi\u00e9n limitan el n\u00famero de veces que ves el anuncio, ayudando a medir la eficacia de la publicidad y el \u00e9xito de la organizaci\u00f3n del sitio web.<\/p>\n\n<p><strong>\u00bfC\u00f3mo puedes gestionar las cookies?<\/strong><\/p>\n\n<p>Todos los navegadores permiten al usuario aceptar, rechazar o eliminar cookies, y tambi\u00e9n informan al usuario cada vez que se recibe una cookie, concretamente seleccionando la configuraci\u00f3n adecuada en su navegador. El usuario puede configurar las cookies en el men\u00fa \u00abopciones\u00bb o \u00abpreferencias\u00bb de su navegador. <\/p>\n\n<p>Sin embargo, ten en cuenta que desactivar las cookies puede impedir que algunos servicios web funcionen correctamente, afectando, parcial o totalmente, a la navegaci\u00f3n por el sitio web.<\/p>\n\n<p><\/p>\n","protected":false},"excerpt":{"rendered":"<p>Nuestro sitio web utiliza \u00abcookies\u00bb para que nuestra oferta para ti sea relevante, interesante y agradable desde el punto de<\/p>\n","protected":false},"author":1,"featured_media":0,"parent":0,"menu_order":0,"comment_status":"closed","ping_status":"closed","template":"","meta":{"footnotes":""},"class_list":["post-27903","page","type-page","status-publish","hentry"],"yoast_head":"<!-- This site is optimized with the Yoast SEO plugin v27.4 - https:\/\/yoast.com\/product\/yoast-seo-wordpress\/ -->\n<title>Pol\u00edtica de cookies - DocNutry - Produtos Naturais<\/title>\n<meta name=\"description\" content=\"Compre aqui o seu Pol\u00edtica de cookies e a DocNutry - Produtos Naturais a sua Loja Online entrega em 24 a 48 H com Portes Gratis &gt;40\u20ac de Pedido.\" \/>\n<meta name=\"robots\" content=\"index, follow, max-snippet:-1, max-image-preview:large, max-video-preview:-1\" \/>\n<link rel=\"canonical\" href=\"https:\/\/docnutry.com\/es\/politica-de-cookies\/\" \/>\n<meta property=\"og:locale\" content=\"es_ES\" \/>\n<meta property=\"og:type\" content=\"article\" \/>\n<meta property=\"og:title\" content=\"Pol\u00edtica de cookies - DocNutry - Produtos Naturais\" \/>\n<meta property=\"og:description\" content=\"Compre aqui o seu Pol\u00edtica de cookies e a DocNutry - Produtos Naturais a sua Loja Online entrega em 24 a 48 H com Portes Gratis &gt;40\u20ac de Pedido.\" \/>\n<meta property=\"og:url\" content=\"https:\/\/docnutry.com\/es\/politica-de-cookies\/\" \/>\n<meta property=\"og:site_name\" content=\"DocNutry - Produtos Naturais\" \/>\n<meta property=\"article:modified_time\" content=\"2026-03-20T13:59:00+00:00\" \/>\n<meta name=\"twitter:card\" content=\"summary_large_image\" \/>\n<meta name=\"twitter:label1\" content=\"Tiempo de lectura\" \/>\n\t<meta name=\"twitter:data1\" content=\"3 minutos\" \/>\n<script type=\"application\/ld+json\" class=\"yoast-schema-graph\">{\"@context\":\"https:\\\/\\\/schema.org\",\"@graph\":[{\"@type\":\"WebPage\",\"@id\":\"https:\\\/\\\/docnutry.com\\\/es\\\/politica-de-cookies\\\/\",\"url\":\"https:\\\/\\\/docnutry.com\\\/es\\\/politica-de-cookies\\\/\",\"name\":\"Pol\u00edtica de cookies - DocNutry - Produtos Naturais\",\"isPartOf\":{\"@id\":\"https:\\\/\\\/docnutry.com\\\/es\\\/#website\"},\"datePublished\":\"2025-05-04T23:40:39+00:00\",\"dateModified\":\"2026-03-20T13:59:00+00:00\",\"description\":\"Compre aqui o seu Pol\u00edtica de cookies e a DocNutry - Produtos Naturais a sua Loja Online entrega em 24 a 48 H com Portes Gratis >40\u20ac de Pedido.\",\"breadcrumb\":{\"@id\":\"https:\\\/\\\/docnutry.com\\\/es\\\/politica-de-cookies\\\/#breadcrumb\"},\"inLanguage\":\"es\",\"potentialAction\":[{\"@type\":\"ReadAction\",\"target\":[\"https:\\\/\\\/docnutry.com\\\/es\\\/politica-de-cookies\\\/\"]}]},{\"@type\":\"BreadcrumbList\",\"@id\":\"https:\\\/\\\/docnutry.com\\\/es\\\/politica-de-cookies\\\/#breadcrumb\",\"itemListElement\":[{\"@type\":\"ListItem\",\"position\":1,\"name\":\"In\u00edcio\",\"item\":\"https:\\\/\\\/docnutry.com\\\/es\\\/inicio\\\/\"},{\"@type\":\"ListItem\",\"position\":2,\"name\":\"Pol\u00edtica de cookies\"}]},{\"@type\":\"WebSite\",\"@id\":\"https:\\\/\\\/docnutry.com\\\/es\\\/#website\",\"url\":\"https:\\\/\\\/docnutry.com\\\/es\\\/\",\"name\":\"DocNutry - Produtos Naturais\",\"description\":\"\",\"potentialAction\":[{\"@type\":\"SearchAction\",\"target\":{\"@type\":\"EntryPoint\",\"urlTemplate\":\"https:\\\/\\\/docnutry.com\\\/es\\\/?s={search_term_string}\"},\"query-input\":{\"@type\":\"PropertyValueSpecification\",\"valueRequired\":true,\"valueName\":\"search_term_string\"}}],\"inLanguage\":\"es\"}]}<\/script>\n<!-- \/ Yoast SEO plugin. -->","yoast_head_json":{"title":"Pol\u00edtica de cookies - DocNutry - Produtos Naturais","description":"Compre aqui o seu Pol\u00edtica de cookies e a DocNutry - Produtos Naturais a sua Loja Online entrega em 24 a 48 H com Portes Gratis >40\u20ac de Pedido.","robots":{"index":"index","follow":"follow","max-snippet":"max-snippet:-1","max-image-preview":"max-image-preview:large","max-video-preview":"max-video-preview:-1"},"canonical":"https:\/\/docnutry.com\/es\/politica-de-cookies\/","og_locale":"es_ES","og_type":"article","og_title":"Pol\u00edtica de cookies - DocNutry - Produtos Naturais","og_description":"Compre aqui o seu Pol\u00edtica de cookies e a DocNutry - Produtos Naturais a sua Loja Online entrega em 24 a 48 H com Portes Gratis >40\u20ac de Pedido.","og_url":"https:\/\/docnutry.com\/es\/politica-de-cookies\/","og_site_name":"DocNutry - Produtos Naturais","article_modified_time":"2026-03-20T13:59:00+00:00","twitter_card":"summary_large_image","twitter_misc":{"Tiempo de lectura":"3 minutos"},"schema":{"@context":"https:\/\/schema.org","@graph":[{"@type":"WebPage","@id":"https:\/\/docnutry.com\/es\/politica-de-cookies\/","url":"https:\/\/docnutry.com\/es\/politica-de-cookies\/","name":"Pol\u00edtica de cookies - DocNutry - Produtos Naturais","isPartOf":{"@id":"https:\/\/docnutry.com\/es\/#website"},"datePublished":"2025-05-04T23:40:39+00:00","dateModified":"2026-03-20T13:59:00+00:00","description":"Compre aqui o seu Pol\u00edtica de cookies e a DocNutry - Produtos Naturais a sua Loja Online entrega em 24 a 48 H com Portes Gratis >40\u20ac de Pedido.","breadcrumb":{"@id":"https:\/\/docnutry.com\/es\/politica-de-cookies\/#breadcrumb"},"inLanguage":"es","potentialAction":[{"@type":"ReadAction","target":["https:\/\/docnutry.com\/es\/politica-de-cookies\/"]}]},{"@type":"BreadcrumbList","@id":"https:\/\/docnutry.com\/es\/politica-de-cookies\/#breadcrumb","itemListElement":[{"@type":"ListItem","position":1,"name":"In\u00edcio","item":"https:\/\/docnutry.com\/es\/inicio\/"},{"@type":"ListItem","position":2,"name":"Pol\u00edtica de cookies"}]},{"@type":"WebSite","@id":"https:\/\/docnutry.com\/es\/#website","url":"https:\/\/docnutry.com\/es\/","name":"DocNutry - Produtos Naturais","description":"","potentialAction":[{"@type":"SearchAction","target":{"@type":"EntryPoint","urlTemplate":"https:\/\/docnutry.com\/es\/?s={search_term_string}"},"query-input":{"@type":"PropertyValueSpecification","valueRequired":true,"valueName":"search_term_string"}}],"inLanguage":"es"}]}},"_links":{"self":[{"href":"https:\/\/docnutry.com\/es\/wp-json\/wp\/v2\/pages\/27903","targetHints":{"allow":["GET"]}}],"collection":[{"href":"https:\/\/docnutry.com\/es\/wp-json\/wp\/v2\/pages"}],"about":[{"href":"https:\/\/docnutry.com\/es\/wp-json\/wp\/v2\/types\/page"}],"author":[{"embeddable":true,"href":"https:\/\/docnutry.com\/es\/wp-json\/wp\/v2\/users\/1"}],"replies":[{"embeddable":true,"href":"https:\/\/docnutry.com\/es\/wp-json\/wp\/v2\/comments?post=27903"}],"version-history":[{"count":1,"href":"https:\/\/docnutry.com\/es\/wp-json\/wp\/v2\/pages\/27903\/revisions"}],"predecessor-version":[{"id":27905,"href":"https:\/\/docnutry.com\/es\/wp-json\/wp\/v2\/pages\/27903\/revisions\/27905"}],"wp:attachment":[{"href":"https:\/\/docnutry.com\/es\/wp-json\/wp\/v2\/media?parent=27903"}],"curies":[{"name":"wp","href":"https:\/\/api.w.org\/{rel}","templated":true}]}}