{"id":27938,"date":"2024-03-01T12:54:06","date_gmt":"2024-03-01T12:54:06","guid":{"rendered":"https:\/\/docnutry.com\/favorites-list\/"},"modified":"2026-03-20T13:59:15","modified_gmt":"2026-03-20T13:59:15","slug":"favorites-list","status":"publish","type":"page","link":"https:\/\/docnutry.com\/en\/favorites-list\/","title":{"rendered":"Favorites list"},"content":{"rendered":"\t\t<div data-elementor-type=\"wp-page\" data-elementor-id=\"27938\" class=\"elementor elementor-27938 elementor-25\" data-elementor-post-type=\"page\">\n\t\t\t\t<div class=\"wd-negative-gap elementor-element elementor-element-ba22647 e-flex e-con-boxed e-con e-parent\" data-id=\"ba22647\" data-element_type=\"container\" data-e-type=\"container\">\n\t\t\t\t\t<div class=\"e-con-inner\">\n\t\t\t\t<div class=\"elementor-element elementor-element-35c61af elementor-widget elementor-widget-wd_wishlist\" data-id=\"35c61af\" data-element_type=\"widget\" data-e-type=\"widget\" data-widget_type=\"wd_wishlist.default\">\n\t\t\t\t<div class=\"elementor-widget-container\">\n\t\t\t\t\t\t\t\n\t\t\n\t\t<div class=\"\">\n\t\t\t\t\t\t<div class=\"wd-wishlist-content\">\n\t\t\t\t\t\t\t\t\t\t\t\n\t\t<p class=\"wd-empty-wishlist wd-empty-page\">\n\t\t\tThis wishlist is empty.\t\t<\/p>\n\n\t\t\t\t\t<div class=\"wd-empty-page-text\">\n\t\t\t\tVoc\u00ea ainda n\u00e3o tem nenhum produto na lista de desejos. Voc\u00ea encontrar\u00e1 muitos produtos interessantes em nossa p\u00e1gina \"Loja\".\t\t\t<\/div>\n\t\t\n\t\t\n\t\t\t\t\t<p class=\"return-to-shop\">\n\t\t\t\t<a class=\"button\" href=\"https:\/\/docnutry.com\/en\/shop\/\">\n\t\t\t\t\tReturn to shop\t\t\t\t<\/a>\n\t\t\t<\/p>\n\t\t\t\t\t\t\t\t\t\t\t<\/div>\n\t\t\t\t<\/div>\n\t\t\t\t\t\t<\/div>\n\t\t\t\t<\/div>\n\t\t\t\t\t<\/div>\n\t\t\t\t<\/div>\n\t\t\t\t<\/div>\n\t\t","protected":false},"excerpt":{"rendered":"<p>My account Dashboard Orders Downloads Addresses Account details Logout Your products wishlist Share: Remove Select all Deselect all<\/p>\n","protected":false},"author":1,"featured_media":0,"parent":0,"menu_order":0,"comment_status":"closed","ping_status":"closed","template":"","meta":{"footnotes":""},"class_list":["post-27938","page","type-page","status-publish","hentry"],"yoast_head":"<!-- This site is optimized with the Yoast SEO plugin v27.3 - https:\/\/yoast.com\/product\/yoast-seo-wordpress\/ -->\n<title>Favorites list - DocNutry - Produtos Naturais<\/title>\n<meta name=\"description\" content=\"Compre aqui o seu Favorites list e a DocNutry - Produtos Naturais a sua Loja Online entrega em 24 a 48 H com Portes Gratis &gt;40\u20ac de Pedido.\" \/>\n<meta name=\"robots\" content=\"index, follow, max-snippet:-1, max-image-preview:large, max-video-preview:-1\" \/>\n<link rel=\"canonical\" href=\"https:\/\/docnutry.com\/en\/favorites-list\/\" \/>\n<meta property=\"og:locale\" content=\"en_US\" \/>\n<meta property=\"og:type\" content=\"article\" \/>\n<meta property=\"og:title\" content=\"Favorites list - DocNutry - Produtos Naturais\" \/>\n<meta property=\"og:description\" content=\"Compre aqui o seu Favorites list e a DocNutry - Produtos Naturais a sua Loja Online entrega em 24 a 48 H com Portes Gratis &gt;40\u20ac de Pedido.\" \/>\n<meta property=\"og:url\" content=\"https:\/\/docnutry.com\/en\/favorites-list\/\" \/>\n<meta property=\"og:site_name\" content=\"DocNutry - Produtos Naturais\" \/>\n<meta property=\"article:modified_time\" content=\"2026-03-20T13:59:15+00:00\" \/>\n<meta name=\"twitter:card\" content=\"summary_large_image\" \/>\n<script type=\"application\/ld+json\" class=\"yoast-schema-graph\">{\"@context\":\"https:\\\/\\\/schema.org\",\"@graph\":[{\"@type\":\"WebPage\",\"@id\":\"https:\\\/\\\/docnutry.com\\\/en\\\/favorites-list\\\/\",\"url\":\"https:\\\/\\\/docnutry.com\\\/en\\\/favorites-list\\\/\",\"name\":\"Favorites list - DocNutry - Produtos Naturais\",\"isPartOf\":{\"@id\":\"https:\\\/\\\/docnutry.com\\\/en\\\/#website\"},\"datePublished\":\"2024-03-01T12:54:06+00:00\",\"dateModified\":\"2026-03-20T13:59:15+00:00\",\"description\":\"Compre aqui o seu Favorites list e a DocNutry - Produtos Naturais a sua Loja Online entrega em 24 a 48 H com Portes Gratis >40\u20ac de Pedido.\",\"breadcrumb\":{\"@id\":\"https:\\\/\\\/docnutry.com\\\/en\\\/favorites-list\\\/#breadcrumb\"},\"inLanguage\":\"en-US\",\"potentialAction\":[{\"@type\":\"ReadAction\",\"target\":[\"https:\\\/\\\/docnutry.com\\\/en\\\/favorites-list\\\/\"]}]},{\"@type\":\"BreadcrumbList\",\"@id\":\"https:\\\/\\\/docnutry.com\\\/en\\\/favorites-list\\\/#breadcrumb\",\"itemListElement\":[{\"@type\":\"ListItem\",\"position\":1,\"name\":\"In\u00edcio\",\"item\":\"https:\\\/\\\/docnutry.com\\\/en\\\/home\\\/\"},{\"@type\":\"ListItem\",\"position\":2,\"name\":\"Favorites list\"}]},{\"@type\":\"WebSite\",\"@id\":\"https:\\\/\\\/docnutry.com\\\/en\\\/#website\",\"url\":\"https:\\\/\\\/docnutry.com\\\/en\\\/\",\"name\":\"DocNutry - Produtos Naturais\",\"description\":\"\",\"potentialAction\":[{\"@type\":\"SearchAction\",\"target\":{\"@type\":\"EntryPoint\",\"urlTemplate\":\"https:\\\/\\\/docnutry.com\\\/en\\\/?s={search_term_string}\"},\"query-input\":{\"@type\":\"PropertyValueSpecification\",\"valueRequired\":true,\"valueName\":\"search_term_string\"}}],\"inLanguage\":\"en-US\"}]}<\/script>\n<!-- \/ Yoast SEO plugin. -->","yoast_head_json":{"title":"Favorites list - DocNutry - Produtos Naturais","description":"Compre aqui o seu Favorites list e a DocNutry - Produtos Naturais a sua Loja Online entrega em 24 a 48 H com Portes Gratis >40\u20ac de Pedido.","robots":{"index":"index","follow":"follow","max-snippet":"max-snippet:-1","max-image-preview":"max-image-preview:large","max-video-preview":"max-video-preview:-1"},"canonical":"https:\/\/docnutry.com\/en\/favorites-list\/","og_locale":"en_US","og_type":"article","og_title":"Favorites list - DocNutry - Produtos Naturais","og_description":"Compre aqui o seu Favorites list e a DocNutry - Produtos Naturais a sua Loja Online entrega em 24 a 48 H com Portes Gratis >40\u20ac de Pedido.","og_url":"https:\/\/docnutry.com\/en\/favorites-list\/","og_site_name":"DocNutry - Produtos Naturais","article_modified_time":"2026-03-20T13:59:15+00:00","twitter_card":"summary_large_image","schema":{"@context":"https:\/\/schema.org","@graph":[{"@type":"WebPage","@id":"https:\/\/docnutry.com\/en\/favorites-list\/","url":"https:\/\/docnutry.com\/en\/favorites-list\/","name":"Favorites list - DocNutry - Produtos Naturais","isPartOf":{"@id":"https:\/\/docnutry.com\/en\/#website"},"datePublished":"2024-03-01T12:54:06+00:00","dateModified":"2026-03-20T13:59:15+00:00","description":"Compre aqui o seu Favorites list e a DocNutry - Produtos Naturais a sua Loja Online entrega em 24 a 48 H com Portes Gratis >40\u20ac de Pedido.","breadcrumb":{"@id":"https:\/\/docnutry.com\/en\/favorites-list\/#breadcrumb"},"inLanguage":"en-US","potentialAction":[{"@type":"ReadAction","target":["https:\/\/docnutry.com\/en\/favorites-list\/"]}]},{"@type":"BreadcrumbList","@id":"https:\/\/docnutry.com\/en\/favorites-list\/#breadcrumb","itemListElement":[{"@type":"ListItem","position":1,"name":"In\u00edcio","item":"https:\/\/docnutry.com\/en\/home\/"},{"@type":"ListItem","position":2,"name":"Favorites list"}]},{"@type":"WebSite","@id":"https:\/\/docnutry.com\/en\/#website","url":"https:\/\/docnutry.com\/en\/","name":"DocNutry - Produtos Naturais","description":"","potentialAction":[{"@type":"SearchAction","target":{"@type":"EntryPoint","urlTemplate":"https:\/\/docnutry.com\/en\/?s={search_term_string}"},"query-input":{"@type":"PropertyValueSpecification","valueRequired":true,"valueName":"search_term_string"}}],"inLanguage":"en-US"}]}},"_links":{"self":[{"href":"https:\/\/docnutry.com\/en\/wp-json\/wp\/v2\/pages\/27938","targetHints":{"allow":["GET"]}}],"collection":[{"href":"https:\/\/docnutry.com\/en\/wp-json\/wp\/v2\/pages"}],"about":[{"href":"https:\/\/docnutry.com\/en\/wp-json\/wp\/v2\/types\/page"}],"author":[{"embeddable":true,"href":"https:\/\/docnutry.com\/en\/wp-json\/wp\/v2\/users\/1"}],"replies":[{"embeddable":true,"href":"https:\/\/docnutry.com\/en\/wp-json\/wp\/v2\/comments?post=27938"}],"version-history":[{"count":1,"href":"https:\/\/docnutry.com\/en\/wp-json\/wp\/v2\/pages\/27938\/revisions"}],"predecessor-version":[{"id":27939,"href":"https:\/\/docnutry.com\/en\/wp-json\/wp\/v2\/pages\/27938\/revisions\/27939"}],"wp:attachment":[{"href":"https:\/\/docnutry.com\/en\/wp-json\/wp\/v2\/media?parent=27938"}],"curies":[{"name":"wp","href":"https:\/\/api.w.org\/{rel}","templated":true}]}}